{"id":360,"date":"2025-06-20T12:32:07","date_gmt":"2025-06-20T12:32:07","guid":{"rendered":"https:\/\/automontajes.es\/personalizar-cookies\/"},"modified":"2025-06-20T12:32:07","modified_gmt":"2025-06-20T12:32:07","slug":"personalizar-cookies","status":"publish","type":"page","link":"https:\/\/automontajes.es\/ca\/personalizar-cookies\/","title":{"rendered":"Personalitzar Cookies"},"content":{"rendered":"<div>\n      <div id=\"custom-cookies-eu-label\">\n\n        <strong>Este sitio web utiliza cookies<\/strong>Utilizamos cookies propias y de terceros para mejorar tu experiencia de navegaci\u00f3n, analizar el tr\u00e1fico del sitio y mostrarte contenido personalizado. Puedes aceptar todas las cookies, rechazarlas o configurar tus preferencias.\n          &nbsp;&nbsp;\n          \n      <\/div>\n\n      <div id=\"custom-cookies-eu-buttons\" class=\"cookies-eu-buttons\">\n        <button id=\"custom-cookies-eu-reject\" class=\"cookies-eu-reject\">Rechazar<\/button>\n        <button id=\"custom-cookies-eu-accept\" class=\"cookies-eu-accept\">ACCEPTAR TOTES LES COOKIES<\/button><\/div>\n      <\/div>\n\n<br\/>\n<p>\n\tPots canviar les teves prefer\u00e8ncies de cookies en qualsevol moment si tornes a la p\u00e0gina de Personalitzar cookies, a la qual pots accedir a trav\u00e9s de l&#039;Av\u00eds de cookies. \n<\/p>\n\n<h3>Cookies t\u00e8cniques<\/h3>\n<p>\n\tS\u00f3n aquelles que permeten als usuaris registrats navegar a trav\u00e9s del lloc web, de l&#039;\u00e0rea restringida i a utilitzar les seves diferents funcions, com per exemple, el sistema de comentaris o el cercador i no poden ser desactivades.\n<\/p>","protected":false},"excerpt":{"rendered":"<p>Este sitio web utiliza cookiesUtilizamos cookies propias y de terceros para mejorar tu experiencia de navegaci\u00f3n, analizar el tr\u00e1fico del [&hellip;]<\/p>","protected":false},"author":1,"featured_media":0,"parent":0,"menu_order":0,"comment_status":"closed","ping_status":"closed","template":"","meta":{"_acf_changed":false,"site-sidebar-layout":"default","site-content-layout":"","ast-site-content-layout":"default","site-content-style":"default","site-sidebar-style":"default","ast-global-header-display":"","ast-banner-title-visibility":"","ast-main-header-display":"","ast-hfb-above-header-display":"","ast-hfb-below-header-display":"","ast-hfb-mobile-header-display":"","site-post-title":"","ast-breadcrumbs-content":"","ast-featured-img":"","footer-sml-layout":"","theme-transparent-header-meta":"","adv-header-id-meta":"","stick-header-meta":"","header-above-stick-meta":"","header-main-stick-meta":"","header-below-stick-meta":"","astra-migrate-meta-layouts":"default","ast-page-background-enabled":"default","ast-page-background-meta":{"desktop":{"background-color":"var(--ast-global-color-5)","background-image":"","background-repeat":"repeat","background-position":"center center","background-size":"auto","background-attachment":"scroll","background-type":"","background-media":"","overlay-type":"","overlay-color":"","overlay-opacity":"","overlay-gradient":""},"tablet":{"background-color":"","background-image":"","background-repeat":"repeat","background-position":"center center","background-size":"auto","background-attachment":"scroll","background-type":"","background-media":"","overlay-type":"","overlay-color":"","overlay-opacity":"","overlay-gradient":""},"mobile":{"background-color":"","background-image":"","background-repeat":"repeat","background-position":"center center","background-size":"auto","background-attachment":"scroll","background-type":"","background-media":"","overlay-type":"","overlay-color":"","overlay-opacity":"","overlay-gradient":""}},"ast-content-background-meta":{"desktop":{"background-color":"var(--ast-global-color-4)","background-image":"","background-repeat":"repeat","background-position":"center center","background-size":"auto","background-attachment":"scroll","background-type":"","background-media":"","overlay-type":"","overlay-color":"","overlay-opacity":"","overlay-gradient":""},"tablet":{"background-color":"var(--ast-global-color-4)","background-image":"","background-repeat":"repeat","background-position":"center center","background-size":"auto","background-attachment":"scroll","background-type":"","background-media":"","overlay-type":"","overlay-color":"","overlay-opacity":"","overlay-gradient":""},"mobile":{"background-color":"var(--ast-global-color-4)","background-image":"","background-repeat":"repeat","background-position":"center center","background-size":"auto","background-attachment":"scroll","background-type":"","background-media":"","overlay-type":"","overlay-color":"","overlay-opacity":"","overlay-gradient":""}},"footnotes":""},"class_list":["post-360","page","type-page","status-publish","hentry"],"acf":[],"yoast_head":"<!-- This site is optimized with the Yoast SEO plugin v25.3.1 - https:\/\/yoast.com\/wordpress\/plugins\/seo\/ -->\n<title>Personalizar Cookies - Automontajes<\/title>\n<meta name=\"robots\" content=\"index, follow, max-snippet:-1, max-image-preview:large, max-video-preview:-1\" \/>\n<link rel=\"canonical\" href=\"https:\/\/automontajes.es\/ca\/personalizar-cookies\/\" \/>\n<meta property=\"og:locale\" content=\"ca_ES\" \/>\n<meta property=\"og:type\" content=\"article\" \/>\n<meta property=\"og:title\" content=\"Personalizar Cookies - Automontajes\" \/>\n<meta property=\"og:description\" content=\"Este sitio web utiliza cookiesUtilizamos cookies propias y de terceros para mejorar tu experiencia de navegaci\u00f3n, analizar el tr\u00e1fico del [&hellip;]\" \/>\n<meta property=\"og:url\" content=\"https:\/\/automontajes.es\/ca\/personalizar-cookies\/\" \/>\n<meta property=\"og:site_name\" content=\"Automontajes\" \/>\n<meta name=\"twitter:card\" content=\"summary_large_image\" \/>\n<script type=\"application\/ld+json\" class=\"yoast-schema-graph\">{\"@context\":\"https:\/\/schema.org\",\"@graph\":[{\"@type\":\"WebPage\",\"@id\":\"https:\/\/automontajes.es\/personalizar-cookies\/\",\"url\":\"https:\/\/automontajes.es\/personalizar-cookies\/\",\"name\":\"Personalizar Cookies - Automontajes\",\"isPartOf\":{\"@id\":\"https:\/\/automontajes.es\/#website\"},\"datePublished\":\"2025-06-20T12:32:07+00:00\",\"breadcrumb\":{\"@id\":\"https:\/\/automontajes.es\/personalizar-cookies\/#breadcrumb\"},\"inLanguage\":\"ca\",\"potentialAction\":[{\"@type\":\"ReadAction\",\"target\":[\"https:\/\/automontajes.es\/personalizar-cookies\/\"]}]},{\"@type\":\"BreadcrumbList\",\"@id\":\"https:\/\/automontajes.es\/personalizar-cookies\/#breadcrumb\",\"itemListElement\":[{\"@type\":\"ListItem\",\"position\":1,\"name\":\"Portada\",\"item\":\"https:\/\/automontajes.es\/\"},{\"@type\":\"ListItem\",\"position\":2,\"name\":\"Personalizar Cookies\"}]},{\"@type\":\"WebSite\",\"@id\":\"https:\/\/automontajes.es\/#website\",\"url\":\"https:\/\/automontajes.es\/\",\"name\":\"Automontajes\",\"description\":\"Alquiler y compra de propiedades\",\"publisher\":{\"@id\":\"https:\/\/automontajes.es\/#organization\"},\"potentialAction\":[{\"@type\":\"SearchAction\",\"target\":{\"@type\":\"EntryPoint\",\"urlTemplate\":\"https:\/\/automontajes.es\/?s={search_term_string}\"},\"query-input\":{\"@type\":\"PropertyValueSpecification\",\"valueRequired\":true,\"valueName\":\"search_term_string\"}}],\"inLanguage\":\"ca\"},{\"@type\":\"Organization\",\"@id\":\"https:\/\/automontajes.es\/#organization\",\"name\":\"Automontajes\",\"url\":\"https:\/\/automontajes.es\/\",\"logo\":{\"@type\":\"ImageObject\",\"inLanguage\":\"ca\",\"@id\":\"https:\/\/automontajes.es\/#\/schema\/logo\/image\/\",\"url\":\"https:\/\/automontajes.es\/wp-content\/uploads\/2025\/06\/Imagen-de-WhatsApp-2025-06-19-a-las-16.46.22_8a73eb70.jpg\",\"contentUrl\":\"https:\/\/automontajes.es\/wp-content\/uploads\/2025\/06\/Imagen-de-WhatsApp-2025-06-19-a-las-16.46.22_8a73eb70.jpg\",\"width\":353,\"height\":336,\"caption\":\"Automontajes\"},\"image\":{\"@id\":\"https:\/\/automontajes.es\/#\/schema\/logo\/image\/\"}}]}<\/script>\n<!-- \/ Yoast SEO plugin. -->","yoast_head_json":{"title":"Personalizar Cookies - Automontajes","robots":{"index":"index","follow":"follow","max-snippet":"max-snippet:-1","max-image-preview":"max-image-preview:large","max-video-preview":"max-video-preview:-1"},"canonical":"https:\/\/automontajes.es\/ca\/personalizar-cookies\/","og_locale":"ca_ES","og_type":"article","og_title":"Personalizar Cookies - Automontajes","og_description":"Este sitio web utiliza cookiesUtilizamos cookies propias y de terceros para mejorar tu experiencia de navegaci\u00f3n, analizar el tr\u00e1fico del [&hellip;]","og_url":"https:\/\/automontajes.es\/ca\/personalizar-cookies\/","og_site_name":"Automontajes","twitter_card":"summary_large_image","schema":{"@context":"https:\/\/schema.org","@graph":[{"@type":"WebPage","@id":"https:\/\/automontajes.es\/personalizar-cookies\/","url":"https:\/\/automontajes.es\/personalizar-cookies\/","name":"Personalizar Cookies - Automontajes","isPartOf":{"@id":"https:\/\/automontajes.es\/#website"},"datePublished":"2025-06-20T12:32:07+00:00","breadcrumb":{"@id":"https:\/\/automontajes.es\/personalizar-cookies\/#breadcrumb"},"inLanguage":"ca","potentialAction":[{"@type":"ReadAction","target":["https:\/\/automontajes.es\/personalizar-cookies\/"]}]},{"@type":"BreadcrumbList","@id":"https:\/\/automontajes.es\/personalizar-cookies\/#breadcrumb","itemListElement":[{"@type":"ListItem","position":1,"name":"Portada","item":"https:\/\/automontajes.es\/"},{"@type":"ListItem","position":2,"name":"Personalizar Cookies"}]},{"@type":"WebSite","@id":"https:\/\/automontajes.es\/#website","url":"https:\/\/automontajes.es\/","name":"Automontajes","description":"Alquiler y compra de propiedades","publisher":{"@id":"https:\/\/automontajes.es\/#organization"},"potentialAction":[{"@type":"SearchAction","target":{"@type":"EntryPoint","urlTemplate":"https:\/\/automontajes.es\/?s={search_term_string}"},"query-input":{"@type":"PropertyValueSpecification","valueRequired":true,"valueName":"search_term_string"}}],"inLanguage":"ca"},{"@type":"Organization","@id":"https:\/\/automontajes.es\/#organization","name":"Automontajes","url":"https:\/\/automontajes.es\/","logo":{"@type":"ImageObject","inLanguage":"ca","@id":"https:\/\/automontajes.es\/#\/schema\/logo\/image\/","url":"https:\/\/automontajes.es\/wp-content\/uploads\/2025\/06\/Imagen-de-WhatsApp-2025-06-19-a-las-16.46.22_8a73eb70.jpg","contentUrl":"https:\/\/automontajes.es\/wp-content\/uploads\/2025\/06\/Imagen-de-WhatsApp-2025-06-19-a-las-16.46.22_8a73eb70.jpg","width":353,"height":336,"caption":"Automontajes"},"image":{"@id":"https:\/\/automontajes.es\/#\/schema\/logo\/image\/"}}]}},"_links":{"self":[{"href":"https:\/\/automontajes.es\/ca\/wp-json\/wp\/v2\/pages\/360","targetHints":{"allow":["GET"]}}],"collection":[{"href":"https:\/\/automontajes.es\/ca\/wp-json\/wp\/v2\/pages"}],"about":[{"href":"https:\/\/automontajes.es\/ca\/wp-json\/wp\/v2\/types\/page"}],"author":[{"embeddable":true,"href":"https:\/\/automontajes.es\/ca\/wp-json\/wp\/v2\/users\/1"}],"replies":[{"embeddable":true,"href":"https:\/\/automontajes.es\/ca\/wp-json\/wp\/v2\/comments?post=360"}],"version-history":[{"count":0,"href":"https:\/\/automontajes.es\/ca\/wp-json\/wp\/v2\/pages\/360\/revisions"}],"wp:attachment":[{"href":"https:\/\/automontajes.es\/ca\/wp-json\/wp\/v2\/media?parent=360"}],"curies":[{"name":"wp","href":"https:\/\/api.w.org\/{rel}","templated":true}]}}