{"id":219,"date":"2025-06-19T15:32:59","date_gmt":"2025-06-19T15:32:59","guid":{"rendered":"https:\/\/automontajes.es\/?page_id=219"},"modified":"2025-06-20T11:58:39","modified_gmt":"2025-06-20T11:58:39","slug":"sobre-nosotros","status":"publish","type":"page","link":"https:\/\/automontajes.es\/ca\/sobre-nosotros\/","title":{"rendered":"Sobre Nosaltres"},"content":{"rendered":"<div data-elementor-type=\"wp-page\" data-elementor-id=\"219\" class=\"elementor elementor-219\" data-elementor-post-type=\"page\">\n\t\t\t\t<div class=\"elementor-element elementor-element-1231934 e-con-full e-flex e-con e-parent\" data-id=\"1231934\" data-element_type=\"container\" data-settings=\"{&quot;background_background&quot;:&quot;classic&quot;}\">\n\t\t\t\t<div class=\"elementor-element elementor-element-25f0188 elementor-widget elementor-widget-heading\" data-id=\"25f0188\" data-element_type=\"widget\" data-widget_type=\"heading.default\">\n\t\t\t\t<div class=\"elementor-widget-container\">\n\t\t\t\t\t<h1 class=\"elementor-heading-title elementor-size-default\">La nostra empresa<\/h1>\t\t\t\t<\/div>\n\t\t\t\t<\/div>\n\t\t\t\t<\/div>\n\t\t<div class=\"elementor-element elementor-element-7fc27c2 e-flex e-con-boxed e-con e-parent\" data-id=\"7fc27c2\" data-element_type=\"container\">\n\t\t\t\t\t<div class=\"e-con-inner\">\n\t\t\t\t<div class=\"elementor-element elementor-element-bf81eb7 elementor-widget elementor-widget-heading\" data-id=\"bf81eb7\" data-element_type=\"widget\" data-widget_type=\"heading.default\">\n\t\t\t\t<div class=\"elementor-widget-container\">\n\t\t\t\t\t<h2 class=\"elementor-heading-title elementor-size-default\">Compromesos amb l'espai perfecte per al teu negoci<\/h2>\t\t\t\t<\/div>\n\t\t\t\t<\/div>\n\t\t\t\t<div class=\"elementor-element elementor-element-b0d1308 elementor-widget elementor-widget-text-editor\" data-id=\"b0d1308\" data-element_type=\"widget\" data-widget_type=\"text-editor.default\">\n\t\t\t\t<div class=\"elementor-widget-container\">\n\t\t\t\t\t\t\t\t\t<p class=\"translation-block\">A <strong data-start=\"445\" data-end=\"461\">Automuntatges<\/strong> som una empresa especialitzada en la <strong data-start=\"500\" data-end=\"553\">compra, venda i lloguer d'immobles comercials<\/strong>: locals, naus industrials, despatxos i oficines.<br>dada-start= <strong>10 anys d'experi\u00e8ncia<\/strong> al sector immobiliari, ens hem consolidat com un referent a oferir espais estrat\u00e8gics per a empreses, aut\u00f2noms i emprenedors.<\/p>\t\t\t\t\t\t\t\t<\/div>\n\t\t\t\t<\/div>\n\t\t\t\t\t<\/div>\n\t\t\t\t<\/div>\n\t\t<div class=\"elementor-element elementor-element-89d4408 e-flex e-con-boxed e-con e-parent\" data-id=\"89d4408\" data-element_type=\"container\">\n\t\t\t\t\t<div class=\"e-con-inner\">\n\t\t<div class=\"elementor-element elementor-element-45a96ea e-con-full e-flex e-con e-child\" data-id=\"45a96ea\" data-element_type=\"container\">\n\t\t<div class=\"elementor-element elementor-element-9661b2c e-con-full e-flex e-con e-child\" data-id=\"9661b2c\" data-element_type=\"container\" data-settings=\"{&quot;background_background&quot;:&quot;classic&quot;}\">\n\t\t<div class=\"elementor-element elementor-element-d79821f e-con-full e-flex e-con e-child\" data-id=\"d79821f\" data-element_type=\"container\" data-settings=\"{&quot;background_background&quot;:&quot;classic&quot;}\">\n\t\t\t\t<div class=\"elementor-element elementor-element-2d307d7 elementor-widget__width-initial elementor-widget elementor-widget-heading\" data-id=\"2d307d7\" data-element_type=\"widget\" data-widget_type=\"heading.default\">\n\t\t\t\t<div class=\"elementor-widget-container\">\n\t\t\t\t\t<h4 class=\"elementor-heading-title elementor-size-default\">Experiencia<\/h4>\t\t\t\t<\/div>\n\t\t\t\t<\/div>\n\t\t\t\t<div class=\"elementor-element elementor-element-28fe02b elementor-widget__width-initial elementor-widget elementor-widget-heading\" data-id=\"28fe02b\" data-element_type=\"widget\" data-widget_type=\"heading.default\">\n\t\t\t\t<div class=\"elementor-widget-container\">\n\t\t\t\t\t<p class=\"elementor-heading-title elementor-size-default\">A Automontajes, portem m\u00e9s de 20 anys oferint solucions immobili\u00e0ries adaptades a les necessitats de cada client.\n\n<\/p>\t\t\t\t<\/div>\n\t\t\t\t<\/div>\n\t\t\t\t<\/div>\n\t\t\t\t<\/div>\n\t\t<div class=\"elementor-element elementor-element-0e1bf67 e-con-full e-flex e-con e-child\" data-id=\"0e1bf67\" data-element_type=\"container\" data-settings=\"{&quot;background_background&quot;:&quot;classic&quot;}\">\n\t\t<div class=\"elementor-element elementor-element-44095a1 e-con-full e-flex e-con e-child\" data-id=\"44095a1\" data-element_type=\"container\" data-settings=\"{&quot;background_background&quot;:&quot;classic&quot;}\">\n\t\t\t\t<div class=\"elementor-element elementor-element-6dd1ba4 elementor-widget__width-initial elementor-widget elementor-widget-heading\" data-id=\"6dd1ba4\" data-element_type=\"widget\" data-widget_type=\"heading.default\">\n\t\t\t\t<div class=\"elementor-widget-container\">\n\t\t\t\t\t<h4 class=\"elementor-heading-title elementor-size-default\">Especialitzaci\u00f3<\/h4>\t\t\t\t<\/div>\n\t\t\t\t<\/div>\n\t\t\t\t<div class=\"elementor-element elementor-element-9c29ad6 elementor-widget__width-initial elementor-widget elementor-widget-heading\" data-id=\"9c29ad6\" data-element_type=\"widget\" data-widget_type=\"heading.default\">\n\t\t\t\t<div class=\"elementor-widget-container\">\n\t\t\t\t\t<p class=\"elementor-heading-title elementor-size-default\">Som especialistes en la compra, venda i lloguer de locals comercials, naus industrials, oficines i despatxos.\n<\/p>\t\t\t\t<\/div>\n\t\t\t\t<\/div>\n\t\t\t\t<\/div>\n\t\t\t\t<\/div>\n\t\t<div class=\"elementor-element elementor-element-42adb50 e-con-full e-flex e-con e-child\" data-id=\"42adb50\" data-element_type=\"container\" data-settings=\"{&quot;background_background&quot;:&quot;classic&quot;}\">\n\t\t<div class=\"elementor-element elementor-element-6be2514 e-con-full e-flex e-con e-child\" data-id=\"6be2514\" data-element_type=\"container\" data-settings=\"{&quot;background_background&quot;:&quot;classic&quot;}\">\n\t\t\t\t<div class=\"elementor-element elementor-element-e8fafd8 elementor-widget__width-initial elementor-widget elementor-widget-heading\" data-id=\"e8fafd8\" data-element_type=\"widget\" data-widget_type=\"heading.default\">\n\t\t\t\t<div class=\"elementor-widget-container\">\n\t\t\t\t\t<h4 class=\"elementor-heading-title elementor-size-default\">Missi\u00f3<\/h4>\t\t\t\t<\/div>\n\t\t\t\t<\/div>\n\t\t\t\t<div class=\"elementor-element elementor-element-c91f8a9 elementor-widget__width-initial elementor-widget elementor-widget-heading\" data-id=\"c91f8a9\" data-element_type=\"widget\" data-widget_type=\"heading.default\">\n\t\t\t\t<div class=\"elementor-widget-container\">\n\t\t\t\t\t<p class=\"elementor-heading-title elementor-size-default\">La nostra missi\u00f3 \u00e9s ajudar-te a trobar l'espai perfecte perqu\u00e8 la teva activitat creixi i es desenvolupi en les millors condicions.\n\n<\/p>\t\t\t\t<\/div>\n\t\t\t\t<\/div>\n\t\t\t\t<\/div>\n\t\t\t\t<\/div>\n\t\t\t\t<\/div>\n\t\t\t\t\t<\/div>\n\t\t\t\t<\/div>\n\t\t<div class=\"elementor-element elementor-element-0d23c30 e-con-full e-flex e-con e-parent\" data-id=\"0d23c30\" data-element_type=\"container\">\n\t\t<div class=\"elementor-element elementor-element-991ed79 e-con-full e-flex e-con e-child\" data-id=\"991ed79\" data-element_type=\"container\">\n\t\t<div class=\"elementor-element elementor-element-07a9f75 e-con-full e-flex e-con e-child\" data-id=\"07a9f75\" data-element_type=\"container\">\n\t\t\t\t<div class=\"elementor-element elementor-element-5c2d0aa elementor-widget__width-initial elementor-widget elementor-widget-heading\" data-id=\"5c2d0aa\" data-element_type=\"widget\" data-widget_type=\"heading.default\">\n\t\t\t\t<div class=\"elementor-widget-container\">\n\t\t\t\t\t<h3 class=\"elementor-heading-title elementor-size-default\">La nostra missi\u00f3\n<\/h3>\t\t\t\t<\/div>\n\t\t\t\t<\/div>\n\t\t\t\t<div class=\"elementor-element elementor-element-9d5b040 elementor-widget elementor-widget-text-editor\" data-id=\"9d5b040\" data-element_type=\"widget\" data-widget_type=\"text-editor.default\">\n\t\t\t\t<div class=\"elementor-widget-container\">\n\t\t\t\t\t\t\t\t\t<p data-start=\"815\" data-end=\"1071\" class=\"translation-block\">Acompanyar-te en el proc\u00e9s de trobar el <strong data-start=\"857\" data-end=\"892\">espai ideal per a la teva activitat<\/strong>, ja sigui que estiguis comen\u00e7ant un nou projecte, ampliant el teu negoci o buscant una inversi\u00f3 rendible.<br data-start=\"996\" data-end=\"999\">Ens guiem per tres principis: transpar\u00e8ncia, proximitat i efic\u00e0cia<\/strong>.<\/p>\t\t\t\t\t\t\t\t<\/div>\n\t\t\t\t<\/div>\n\t\t\t\t<\/div>\n\t\t\t\t<\/div>\n\t\t<div class=\"elementor-element elementor-element-a098be2 e-con-full e-flex e-con e-child\" data-id=\"a098be2\" data-element_type=\"container\" data-settings=\"{&quot;background_background&quot;:&quot;classic&quot;}\">\n\t\t\t\t<\/div>\n\t\t\t\t<\/div>\n\t\t<div class=\"elementor-element elementor-element-650ccb2 e-con-full e-flex e-con e-parent\" data-id=\"650ccb2\" data-element_type=\"container\">\n\t\t<div class=\"elementor-element elementor-element-2c2aa0e e-con-full e-flex e-con e-child\" data-id=\"2c2aa0e\" data-element_type=\"container\" data-settings=\"{&quot;background_background&quot;:&quot;classic&quot;}\">\n\t\t\t\t<\/div>\n\t\t<div class=\"elementor-element elementor-element-447bf53 e-con-full e-flex e-con e-child\" data-id=\"447bf53\" data-element_type=\"container\">\n\t\t<div class=\"elementor-element elementor-element-43f4a8b e-con-full e-flex e-con e-child\" data-id=\"43f4a8b\" data-element_type=\"container\">\n\t\t\t\t<div class=\"elementor-element elementor-element-68f2815 elementor-widget__width-initial elementor-widget elementor-widget-heading\" data-id=\"68f2815\" data-element_type=\"widget\" data-widget_type=\"heading.default\">\n\t\t\t\t<div class=\"elementor-widget-container\">\n\t\t\t\t\t<h3 class=\"elementor-heading-title elementor-size-default\">Per qu\u00e8 escollir-nos?\n<\/h3>\t\t\t\t<\/div>\n\t\t\t\t<\/div>\n\t\t\t\t<div class=\"elementor-element elementor-element-31cd883 elementor-widget elementor-widget-text-editor\" data-id=\"31cd883\" data-element_type=\"widget\" data-widget_type=\"text-editor.default\">\n\t\t\t\t<div class=\"elementor-widget-container\">\n\t\t\t\t\t\t\t\t\t<p data-start=\"815\" data-end=\"1071\" class=\"translation-block\">\u2705 Coneixement profund del mercat local<br data-start=\"1144\" data-end=\"1147\">\u2705 Atenci\u00f3 personalitzada des del primer contacte<br data-start=\"1196\" data-end=\"1199\">\u2705 \u00c0mplia cartera d'immobles adaptats a totes les necessitats<\/p>\t\t\t\t\t\t\t\t<\/div>\n\t\t\t\t<\/div>\n\t\t\t\t<\/div>\n\t\t\t\t<\/div>\n\t\t\t\t<\/div>\n\t\t\t\t<\/div>","protected":false},"excerpt":{"rendered":"<p>Nuestra empresa Comprometidos con el espacio perfecto para tu negocio En Automontajes somos una empresa especializada en la compra, venta [&hellip;]<\/p>","protected":false},"author":1,"featured_media":0,"parent":0,"menu_order":0,"comment_status":"closed","ping_status":"closed","template":"","meta":{"_acf_changed":false,"site-sidebar-layout":"no-sidebar","site-content-layout":"","ast-site-content-layout":"full-width-container","site-content-style":"default","site-sidebar-style":"default","ast-global-header-display":"","ast-banner-title-visibility":"","ast-main-header-display":"","ast-hfb-above-header-display":"","ast-hfb-below-header-display":"","ast-hfb-mobile-header-display":"","site-post-title":"disabled","ast-breadcrumbs-content":"","ast-featured-img":"disabled","footer-sml-layout":"","theme-transparent-header-meta":"","adv-header-id-meta":"","stick-header-meta":"","header-above-stick-meta":"","header-main-stick-meta":"","header-below-stick-meta":"","astra-migrate-meta-layouts":"default","ast-page-background-enabled":"default","ast-page-background-meta":{"desktop":{"background-color":"var(--ast-global-color-5)","background-image":"","background-repeat":"repeat","background-position":"center center","background-size":"auto","background-attachment":"scroll","background-type":"","background-media":"","overlay-type":"","overlay-color":"","overlay-opacity":"","overlay-gradient":""},"tablet":{"background-color":"","background-image":"","background-repeat":"repeat","background-position":"center center","background-size":"auto","background-attachment":"scroll","background-type":"","background-media":"","overlay-type":"","overlay-color":"","overlay-opacity":"","overlay-gradient":""},"mobile":{"background-color":"","background-image":"","background-repeat":"repeat","background-position":"center center","background-size":"auto","background-attachment":"scroll","background-type":"","background-media":"","overlay-type":"","overlay-color":"","overlay-opacity":"","overlay-gradient":""}},"ast-content-background-meta":{"desktop":{"background-color":"var(--ast-global-color-4)","background-image":"","background-repeat":"repeat","background-position":"center center","background-size":"auto","background-attachment":"scroll","background-type":"","background-media":"","overlay-type":"","overlay-color":"","overlay-opacity":"","overlay-gradient":""},"tablet":{"background-color":"var(--ast-global-color-4)","background-image":"","background-repeat":"repeat","background-position":"center center","background-size":"auto","background-attachment":"scroll","background-type":"","background-media":"","overlay-type":"","overlay-color":"","overlay-opacity":"","overlay-gradient":""},"mobile":{"background-color":"var(--ast-global-color-4)","background-image":"","background-repeat":"repeat","background-position":"center center","background-size":"auto","background-attachment":"scroll","background-type":"","background-media":"","overlay-type":"","overlay-color":"","overlay-opacity":"","overlay-gradient":""}},"footnotes":""},"class_list":["post-219","page","type-page","status-publish","hentry"],"acf":[],"yoast_head":"<!-- This site is optimized with the Yoast SEO plugin v25.3.1 - https:\/\/yoast.com\/wordpress\/plugins\/seo\/ -->\n<title>Sobre Nosotros - Automontajes<\/title>\n<meta name=\"robots\" content=\"index, follow, max-snippet:-1, max-image-preview:large, max-video-preview:-1\" \/>\n<link rel=\"canonical\" href=\"https:\/\/automontajes.es\/ca\/sobre-nosotros\/\" \/>\n<meta property=\"og:locale\" content=\"ca_ES\" \/>\n<meta property=\"og:type\" content=\"article\" \/>\n<meta property=\"og:title\" content=\"Sobre Nosotros - Automontajes\" \/>\n<meta property=\"og:description\" content=\"Nuestra empresa Comprometidos con el espacio perfecto para tu negocio En Automontajes somos una empresa especializada en la compra, venta [&hellip;]\" \/>\n<meta property=\"og:url\" content=\"https:\/\/automontajes.es\/ca\/sobre-nosotros\/\" \/>\n<meta property=\"og:site_name\" content=\"Automontajes\" \/>\n<meta property=\"article:modified_time\" content=\"2025-06-20T11:58:39+00:00\" \/>\n<meta name=\"twitter:card\" content=\"summary_large_image\" \/>\n<meta name=\"twitter:label1\" content=\"Temps estimat de lectura\" \/>\n\t<meta name=\"twitter:data1\" content=\"1 minut\" \/>\n<script type=\"application\/ld+json\" class=\"yoast-schema-graph\">{\"@context\":\"https:\/\/schema.org\",\"@graph\":[{\"@type\":\"WebPage\",\"@id\":\"https:\/\/automontajes.es\/sobre-nosotros\/\",\"url\":\"https:\/\/automontajes.es\/sobre-nosotros\/\",\"name\":\"Sobre Nosotros - Automontajes\",\"isPartOf\":{\"@id\":\"https:\/\/automontajes.es\/#website\"},\"datePublished\":\"2025-06-19T15:32:59+00:00\",\"dateModified\":\"2025-06-20T11:58:39+00:00\",\"breadcrumb\":{\"@id\":\"https:\/\/automontajes.es\/sobre-nosotros\/#breadcrumb\"},\"inLanguage\":\"ca\",\"potentialAction\":[{\"@type\":\"ReadAction\",\"target\":[\"https:\/\/automontajes.es\/sobre-nosotros\/\"]}]},{\"@type\":\"BreadcrumbList\",\"@id\":\"https:\/\/automontajes.es\/sobre-nosotros\/#breadcrumb\",\"itemListElement\":[{\"@type\":\"ListItem\",\"position\":1,\"name\":\"Portada\",\"item\":\"https:\/\/automontajes.es\/\"},{\"@type\":\"ListItem\",\"position\":2,\"name\":\"Sobre Nosotros\"}]},{\"@type\":\"WebSite\",\"@id\":\"https:\/\/automontajes.es\/#website\",\"url\":\"https:\/\/automontajes.es\/\",\"name\":\"Automontajes\",\"description\":\"Alquiler y compra de propiedades\",\"publisher\":{\"@id\":\"https:\/\/automontajes.es\/#organization\"},\"potentialAction\":[{\"@type\":\"SearchAction\",\"target\":{\"@type\":\"EntryPoint\",\"urlTemplate\":\"https:\/\/automontajes.es\/?s={search_term_string}\"},\"query-input\":{\"@type\":\"PropertyValueSpecification\",\"valueRequired\":true,\"valueName\":\"search_term_string\"}}],\"inLanguage\":\"ca\"},{\"@type\":\"Organization\",\"@id\":\"https:\/\/automontajes.es\/#organization\",\"name\":\"Automontajes\",\"url\":\"https:\/\/automontajes.es\/\",\"logo\":{\"@type\":\"ImageObject\",\"inLanguage\":\"ca\",\"@id\":\"https:\/\/automontajes.es\/#\/schema\/logo\/image\/\",\"url\":\"https:\/\/automontajes.es\/wp-content\/uploads\/2025\/06\/Imagen-de-WhatsApp-2025-06-19-a-las-16.46.22_8a73eb70.jpg\",\"contentUrl\":\"https:\/\/automontajes.es\/wp-content\/uploads\/2025\/06\/Imagen-de-WhatsApp-2025-06-19-a-las-16.46.22_8a73eb70.jpg\",\"width\":353,\"height\":336,\"caption\":\"Automontajes\"},\"image\":{\"@id\":\"https:\/\/automontajes.es\/#\/schema\/logo\/image\/\"}}]}<\/script>\n<!-- \/ Yoast SEO plugin. -->","yoast_head_json":{"title":"Sobre Nosotros - Automontajes","robots":{"index":"index","follow":"follow","max-snippet":"max-snippet:-1","max-image-preview":"max-image-preview:large","max-video-preview":"max-video-preview:-1"},"canonical":"https:\/\/automontajes.es\/ca\/sobre-nosotros\/","og_locale":"ca_ES","og_type":"article","og_title":"Sobre Nosotros - Automontajes","og_description":"Nuestra empresa Comprometidos con el espacio perfecto para tu negocio En Automontajes somos una empresa especializada en la compra, venta [&hellip;]","og_url":"https:\/\/automontajes.es\/ca\/sobre-nosotros\/","og_site_name":"Automontajes","article_modified_time":"2025-06-20T11:58:39+00:00","twitter_card":"summary_large_image","twitter_misc":{"Temps estimat de lectura":"1 minut"},"schema":{"@context":"https:\/\/schema.org","@graph":[{"@type":"WebPage","@id":"https:\/\/automontajes.es\/sobre-nosotros\/","url":"https:\/\/automontajes.es\/sobre-nosotros\/","name":"Sobre Nosotros - Automontajes","isPartOf":{"@id":"https:\/\/automontajes.es\/#website"},"datePublished":"2025-06-19T15:32:59+00:00","dateModified":"2025-06-20T11:58:39+00:00","breadcrumb":{"@id":"https:\/\/automontajes.es\/sobre-nosotros\/#breadcrumb"},"inLanguage":"ca","potentialAction":[{"@type":"ReadAction","target":["https:\/\/automontajes.es\/sobre-nosotros\/"]}]},{"@type":"BreadcrumbList","@id":"https:\/\/automontajes.es\/sobre-nosotros\/#breadcrumb","itemListElement":[{"@type":"ListItem","position":1,"name":"Portada","item":"https:\/\/automontajes.es\/"},{"@type":"ListItem","position":2,"name":"Sobre Nosotros"}]},{"@type":"WebSite","@id":"https:\/\/automontajes.es\/#website","url":"https:\/\/automontajes.es\/","name":"Automontajes","description":"Alquiler y compra de propiedades","publisher":{"@id":"https:\/\/automontajes.es\/#organization"},"potentialAction":[{"@type":"SearchAction","target":{"@type":"EntryPoint","urlTemplate":"https:\/\/automontajes.es\/?s={search_term_string}"},"query-input":{"@type":"PropertyValueSpecification","valueRequired":true,"valueName":"search_term_string"}}],"inLanguage":"ca"},{"@type":"Organization","@id":"https:\/\/automontajes.es\/#organization","name":"Automontajes","url":"https:\/\/automontajes.es\/","logo":{"@type":"ImageObject","inLanguage":"ca","@id":"https:\/\/automontajes.es\/#\/schema\/logo\/image\/","url":"https:\/\/automontajes.es\/wp-content\/uploads\/2025\/06\/Imagen-de-WhatsApp-2025-06-19-a-las-16.46.22_8a73eb70.jpg","contentUrl":"https:\/\/automontajes.es\/wp-content\/uploads\/2025\/06\/Imagen-de-WhatsApp-2025-06-19-a-las-16.46.22_8a73eb70.jpg","width":353,"height":336,"caption":"Automontajes"},"image":{"@id":"https:\/\/automontajes.es\/#\/schema\/logo\/image\/"}}]}},"_links":{"self":[{"href":"https:\/\/automontajes.es\/ca\/wp-json\/wp\/v2\/pages\/219","targetHints":{"allow":["GET"]}}],"collection":[{"href":"https:\/\/automontajes.es\/ca\/wp-json\/wp\/v2\/pages"}],"about":[{"href":"https:\/\/automontajes.es\/ca\/wp-json\/wp\/v2\/types\/page"}],"author":[{"embeddable":true,"href":"https:\/\/automontajes.es\/ca\/wp-json\/wp\/v2\/users\/1"}],"replies":[{"embeddable":true,"href":"https:\/\/automontajes.es\/ca\/wp-json\/wp\/v2\/comments?post=219"}],"version-history":[{"count":10,"href":"https:\/\/automontajes.es\/ca\/wp-json\/wp\/v2\/pages\/219\/revisions"}],"predecessor-version":[{"id":323,"href":"https:\/\/automontajes.es\/ca\/wp-json\/wp\/v2\/pages\/219\/revisions\/323"}],"wp:attachment":[{"href":"https:\/\/automontajes.es\/ca\/wp-json\/wp\/v2\/media?parent=219"}],"curies":[{"name":"wp","href":"https:\/\/api.w.org\/{rel}","templated":true}]}}